{"id":13,"date":"2020-03-07T23:13:09","date_gmt":"2020-03-07T22:13:09","guid":{"rendered":"http:\/\/kob-rol.pl\/index.php\/mesmerize\/"},"modified":"2021-07-19T14:45:18","modified_gmt":"2021-07-19T12:45:18","slug":"strona-glowna","status":"publish","type":"page","link":"http:\/\/kob-rol.pl\/","title":{"rendered":"Strona g\u0142\u00f3wna"},"content":{"rendered":"<div  data-label=\"o nas\" data-id=\"about--3\" data-export-id=\"about-9\" data-category=\"about\" class=\"about-9 content-section content-section-spacing\" id=\"o-nas\" style=\"background-color: rgb(255, 255, 255);\"><div  class=\"gridContainer\"> <div  class=\"row middle-sm text-center\"><div  class=\"col-sm-5 space-bottom-xs content-column content-left-sm\" data-type=\"column\"><h3  class=\"\">Witam. Mam Pa\u0144stwu do zaoferowania szerok\u0105 gam\u0119 glebogryzarek do upraw mi\u0119dzyrz\u0119dowych. Maszyny te \u015bwietnie nadaj\u0105 sie do upraw takich jak : truskawki, b\u00f3b, og\u00f3rki, rabarbar, bor\u00f3wka czy inne uprawy sadzone pasowo-rz\u0119dowo. Dzi\u0119ki p\u0142ynnemu przesuwowi ka\u017cdej sekcji oraz mo\u017cliwo\u015bci\u0105 poszerzenia oraz zw\u0119\u017cenia elementu roboczego ka\u017cda z przedstawionych maszyn dopasuje sie do danej uprawy. Maszyny sprowadzamy z W\u0142och. Bezwzgl\u0119dnie wszystkie maszyny przechodz\u0105 gruntowny remont. Zakladamy nowe \u0142ancuchy w sekcjach, \u0142o\u017cyska, uszczelniacze, nowy olej, nowe no\u017ce, rownie\u017c w\u0142oskie o bardzo dobrej wytrzyma\u0142o\u015bci.<\/h3>    <\/div> <div  class=\"col-sm-7 flexbox flexbox middle-xs center-xs space-bottom-xs\"><div  class=\"overlay-box flexbox middle-xs center-xs overlay-holder \"> <div  class=\"overlay-box-offset shadow-medium bg-color2 offset-background\"><\/div> <img  class=\"flexbox shadow-large img1\" src=\"http:\/\/kob-rol.pl\/wp-content\/uploads\/2020\/03\/84398857_472183237001132_6229549157439242240_n.jpg\" data-size=\"600x400\" alt=\"\" title=\"84398857_472183237001132_6229549157439242240_n\"><\/div> <\/div><\/div> <\/div><\/div><div  data-label=\"Rekomendacje\" data-id=\"content--1\" data-export-id=\"content-8\" data-category=\"content\" class=\"content-8 content-section content-section-spacing\" id=\"rekomendacje\" style=\"background-color: rgb(255, 255, 255);\"><div  class=\"gridContainer\"> <div  class=\"row middle-sm\"><div  class=\"col-sm-6 space-bottom-xs space-top-xs\" data-type=\"column\"> <img  class=\"shadow-large\" src=\"http:\/\/kob-rol.pl\/wp-content\/uploads\/2020\/03\/86689045_621572291747878_460693559561945088_n.jpg\" alt=\"\" title=\"86689045_621572291747878_460693559561945088_n\"><\/div> <div  class=\"col-sm-6\" data-type=\"column\"><h4  class=\"\">Zaufa\u0142o nam bardzo du\u017co rolnik\u00f3w. Dzieki precyzyjnym maszynom do upraw mi\u0119dzyrz\u0119dowych rolnicy zmniejszaj\u0105 zachwaszczanie upraw w spos\u00f3b mechaniczny. Dlatego te\u017c redukuj\u0105 stosowanie \u015brodk\u00f3w takich jak herbicydy do likwidowania chwast\u00f3w. W ten oto spos\u00f3b mamy zdrowsze owoce i warzywa kt\u00f3re spo\u017cywamy.<span  class=\"_40fu\" data-hover=\"none\" style=\"direction: ltr; float: none; background-image: initial; background-position: initial; background-size: initial; background-repeat: initial; background-attachment: initial; background-origin: initial; background-clip: initial; align-items: center; display: flex; flex: 1 1 0%; font-family: Helvetica, Arial, sans-serif; color: rgb(29, 33, 41); font-size: 13px; font-weight: 400; letter-spacing: normal;\"><span  class=\"_1z_2 _2u_d\" style=\"display: flex; margin-left: 6px; position: absolute; top: 150px; transform: translate(10%, -50%); width: 42px; left: 156px; font-family: inherit;\"><span  class=\"\" style=\"margin-right: 2.5px; margin-left: 2.5px; font-family: inherit;\"><button  data-tooltip-content=\"Zareaguj\" data-hover=\"tooltip\" data-tooltip-position=\"above\" data-tooltip-alignh=\"center\" class=\"_8sop _5zvq\" tabindex=\"-1\" aria-label=\"Zareaguj\" style=\"font-family: inherit; font-size: 12px; background-image: initial; background-position: initial; background-size: initial; background-repeat: initial; background-attachment: initial; background-origin: initial; background-clip: initial; border-width: 0px; border-style: initial; border-color: initial; cursor: pointer; display: block; height: 16px; width: 16px;\"><i  alt=\"\" class=\"img sp_WTclsvbG3z6 sx_78432a\" style=\"background-image: url(&quot;\/rsrc.php\/v3\/y9\/r\/O8Fw6I0B-rg.png&quot;); background-size: auto; background-repeat: no-repeat; display: inline-block; height: 16px; width: 16px; background-position: -17px -927px;\"><\/i><\/button><\/span><\/span><\/span><\/h4>  <a class=\"button blue\" href=\"#oferta\" target=\"_self\" data-cp-link=\"1\" rel=\"noopener noreferrer\">Zapoznaj si\u0119 z ofert\u0105<\/a><\/div> <\/div><\/div> <\/div><div  data-label=\"Oferta\" data-id=\"features--3\" data-export-id=\"features-13-card-bordered\" data-category=\"features\" class=\"features-13 content-section content-section-spacing\" id=\"oferta\" style=\"background-color: rgb(255, 255, 255);\"><div  class=\"gridContainer\"> <div  class=\"row text-center\"><div  class=\"section-title-col\" data-type=\"column\"> <h2  class=\"\">W Naszej ofercie posiadamy glebogryzarki :<\/h2> <\/div> <\/div> <div  class=\"row spaced-cols content-center-sm\" data-type=\"row\"> <div  class=\"col-sm-4 col-md-3 \"> <div  class=\"card bordered y-move\" data-type=\"column\">  <h4  class=\"\">Glebogryzarki trzy sekcyjne BREVIGLIERI<\/h4>  <img  class=\"custom-image\" src=\"http:\/\/kob-rol.pl\/wp-content\/uploads\/2020\/03\/cropped-87840339_622411538518189_3185030176278839296_n-3.jpg\" alt=\"\" title=\"cropped-87840339_622411538518189_3185030176278839296_n-3.jpg\"><p  class=\"\">12500 pln netto<\/p><a class=\"button small y-move color2\" href=\"#galeria-1\" target=\"_self\" data-cp-link=\"1\" style=\"position: relative; top: 0px; left: 0px;\" rel=\"noopener noreferrer\">Zobacz galerie<\/a><\/div> <\/div> <div  class=\"col-sm-4 col-md-3 \"> <div  class=\"card bordered y-move\" data-type=\"column\">  <h4  class=\"\">Glebogryzarki trzy sekcyjne BREVIGLIERI z podajnikiem nawozu\n<\/h4>  <img  class=\"custom-image\" src=\"http:\/\/kob-rol.pl\/wp-content\/uploads\/2020\/03\/cropped-86648317_1524633914373164_5657017853535059968_n-scaled-1.jpg\" alt=\"\" title=\"cropped-86648317_1524633914373164_5657017853535059968_n-scaled-1.jpg\"><p  class=\"\">13500 pln netto<\/p><a class=\"button small y-move color2\" href=\"#\" target=\"_self\" data-cp-link=\"1\" style=\"position: relative; top: 0px; left: 0px;\" rel=\"noopener noreferrer\">Poka\u017c OFERT\u0118<\/a><\/div> <\/div> <div  class=\"col-sm-4 col-md-3 \"> <div  class=\"card bordered y-move\" data-type=\"column\">  <h4  class=\"\">Glebogryzarki dwu sekcyjne BREVIGLIERI<\/h4>  <img  class=\"custom-image\" src=\"http:\/\/kob-rol.pl\/wp-content\/uploads\/2020\/03\/cropped-86817041_509178556468532_9117657816365006848_n-scaled-1.jpg\" alt=\"\" title=\"cropped-86817041_509178556468532_9117657816365006848_n-scaled-1.jpg\"><p  class=\"\">10500 pln netto<\/p><a class=\"button small y-move color2\" href=\"#\" target=\"_self\" data-cp-link=\"1\" rel=\"noopener noreferrer\">Poka\u017c OFERT\u0118<\/a><\/div> <\/div><div  class=\"col-sm-4 col-md-3 \"> <div  class=\"card bordered y-move\" data-type=\"column\">  <h4  class=\"\">           Glebogryzarki dwu sekcyjne BREVIGLIERI z podajnikiem nawozu\n<\/h4><img  class=\"custom-image\" src=\"http:\/\/kob-rol.pl\/wp-content\/uploads\/2020\/03\/cropped-86969471_489982471676224_5449024493039124480_n-scaled-4.jpg\" alt=\"\" title=\"cropped-86969471_489982471676224_5449024493039124480_n-scaled-4.jpg\">  <p  class=\"\">12500 pln netto<\/p><a class=\"button small y-move color2\" href=\"#\" target=\"_self\" data-cp-link=\"1\" rel=\"noopener noreferrer\">Poka\u017c OFERTE<\/a><\/div> <\/div><div  class=\"col-sm-4 col-md-3\"> <div  class=\"card bordered y-move\" data-type=\"column\">  <h4  class=\"\">Glebogryzarki trzy sekcyjne COMEB<\/h4>  <a  data-cp-link=\"1\" href=\"#\" class=\"\"><img  class=\"custom-image\" src=\"http:\/\/kob-rol.pl\/wp-content\/uploads\/2020\/03\/cropped-87398005_549599302323683_5635892442709360640_n.jpg\" alt=\"\" title=\"cropped-87398005_549599302323683_5635892442709360640_n.jpg\"><\/a><p  class=\"\">12500 pln netto<\/p><a class=\"button small y-move color2\" href=\"#\" target=\"_self\" data-cp-link=\"1\" style=\"position: relative; top: 0px; left: 0px;\" rel=\"noopener noreferrer\">Poka\u017c OFERT\u0118<\/a><\/div> <\/div><div  class=\"col-sm-4 col-md-3\"> <div  class=\"card bordered y-move\" data-type=\"column\">  <h4  class=\"\">Glebogryzarki trzy sekcyjne COMEB&nbsp;z dozownikiem nawozu<\/h4>  <img  class=\"custom-image\" src=\"http:\/\/kob-rol.pl\/wp-content\/uploads\/2020\/03\/cropped-86456878_1353163158188545_8233429182328078336_n-scaled-2.jpg\" alt=\"\" title=\"cropped-86456878_1353163158188545_8233429182328078336_n-scaled-2.jpg\"><p  class=\"\">13500 pln netto<\/p><a class=\"button small y-move color2\" href=\"#\" target=\"_self\" data-cp-link=\"1\" style=\"position: relative; top: 0px; left: 0px;\" rel=\"noopener noreferrer\">Poka\u017c OFERT\u0118<\/a><\/div> <\/div><div  class=\"col-sm-4 col-md-3\"> <div  class=\"card bordered y-move\" data-type=\"column\">  <h4  class=\"\">Glebogryzarki dwu sekcyjne COMEB<\/h4>  <img  class=\"custom-image\" src=\"http:\/\/kob-rol.pl\/wp-content\/uploads\/2020\/03\/cropped-86317669_206609767397136_3215050962590760960_n-1-scaled-8.jpg\" alt=\"\" title=\"cropped-86317669_206609767397136_3215050962590760960_n-1-scaled-8.jpg\"><p  class=\"\">10500 pln netto<\/p><a class=\"button small y-move color2\" href=\"#\" target=\"_self\" data-cp-link=\"1\" style=\"position: relative; top: 0px; left: 0px;\" rel=\"noopener noreferrer\">Poka\u017c OFERT\u0118<\/a><\/div> <\/div><div  class=\"col-sm-4 col-md-3\"> <div  class=\"card bordered y-move\" data-type=\"column\">  <h4  class=\"\">Glebogryzarki dwu sekcyjne COMEB z dozownikiem nawozu<\/h4>  <img  class=\"custom-image\" src=\"http:\/\/kob-rol.pl\/wp-content\/uploads\/2020\/03\/cropped-86725265_211904819996623_2769927385326288896_n-scaled-6.jpg\" alt=\"\" title=\"cropped-86725265_211904819996623_2769927385326288896_n-scaled-6.jpg\"><p  class=\"\">12500 pln netto<\/p><a class=\"button small y-move color2\" href=\"#\" target=\"_self\" data-cp-link=\"1\" rel=\"noopener noreferrer\">Poka\u017c OFERT\u0118<\/a><\/div> <\/div><\/div> <\/div><\/div><div  data-label=\"Kontakt\" data-id=\"portfolio--1\" data-export-id=\"portfolio-4\" data-category=\"portfolio\" class=\"portfolio-4 content-section content-section-spacing-top\" id=\"kontakt\" style=\"background-color: rgb(245, 250, 253);\"><div  class=\"\"> <div  class=\"row text-center\"><div  class=\"section-title-col\" data-type=\"column\">  <\/div> <\/div> <div  data-type=\"row\" class=\"row\" data-fixed=\"true\">         <div  class=\"col-xs-12 col-sm-3 no-gutter-col col-md-2\"> <div  class=\"contentswap-effect\" data-hover-fx=\"portfolio-4\"> <div  class=\"initial-image\"> <img  data-size=\"542x360\" src=\"http:\/\/kob-rol.pl\/wp-content\/uploads\/2020\/04\/3-blevigreli-z-dozownikiem-7.jpg\"><\/div> <div  class=\"overlay bg-color1\"><\/div> <div  class=\"swap-inner col-xs-12\"> <div  class=\"row full-height-row middle-xs middle-sm\"> <div  class=\"col-xs-12 text-center content-holder\"> <a href=\"#\" target=\"_self\" rel=\"noopener noreferrer\"><i  class=\"fa icon portfolio-icon fa-search big\" aria-hidden=\"true\"><\/i><\/a><\/div> <\/div><\/div> <\/div><\/div><div  class=\"col-xs-12 col-sm-3 no-gutter-col col-md-2\"> <div  class=\"contentswap-effect\" data-hover-fx=\"portfolio-4\"> <div  class=\"initial-image\"> <img  data-size=\"542x360\" src=\"http:\/\/kob-rol.pl\/wp-content\/uploads\/2020\/04\/86685502_539705613311597_5766921385125347328_n-1-scaled.jpg\"><\/div> <div  class=\"overlay bg-color1\"><\/div> <div  class=\"swap-inner col-xs-12\"> <div  class=\"row full-height-row middle-xs middle-sm\"> <div  class=\"col-xs-12 text-center content-holder\"> <a href=\"#\" target=\"_self\" rel=\"noopener noreferrer\"><i  class=\"fa icon portfolio-icon fa-search big\" aria-hidden=\"true\"><\/i><\/a><\/div> <\/div><\/div> <\/div><\/div><div  class=\"col-xs-12 col-sm-3 no-gutter-col col-md-2\"> <div  class=\"contentswap-effect\" data-hover-fx=\"portfolio-4\"> <div  class=\"initial-image\"> <img  data-size=\"542x360\" src=\"http:\/\/kob-rol.pl\/wp-content\/uploads\/2020\/04\/3-blevigreli-z-dozownikiem-2.jpg\"><\/div> <div  class=\"overlay bg-color1\"><\/div> <div  class=\"swap-inner col-xs-12\"> <div  class=\"row full-height-row middle-xs middle-sm\"> <div  class=\"col-xs-12 text-center content-holder\"> <a href=\"#\" target=\"_self\" rel=\"noopener noreferrer\"><i  class=\"fa icon portfolio-icon fa-search big\" aria-hidden=\"true\"><\/i><\/a><\/div> <\/div><\/div> <\/div><\/div><div  class=\"col-xs-12 col-sm-3 no-gutter-col col-md-2\"> <div  class=\"contentswap-effect\" data-hover-fx=\"portfolio-4\"> <div  class=\"initial-image\"> <img  data-size=\"542x360\" src=\"http:\/\/kob-rol.pl\/wp-content\/uploads\/2020\/04\/3-blevigreli-z-dozownikiem-9.jpg\"><\/div> <div  class=\"overlay bg-color1\"><\/div> <div  class=\"swap-inner col-xs-12\"> <div  class=\"row full-height-row middle-xs middle-sm\"> <div  class=\"col-xs-12 text-center content-holder\"> <a href=\"#\" target=\"_self\" rel=\"noopener noreferrer\"><i  class=\"fa icon portfolio-icon fa-search big\" aria-hidden=\"true\"><\/i><\/a><\/div> <\/div><\/div> <\/div><\/div><div  class=\"col-xs-12 col-sm-3 no-gutter-col col-md-2\"> <div  class=\"contentswap-effect\" data-hover-fx=\"portfolio-4\"> <div  class=\"initial-image\"> <img  data-size=\"542x360\" src=\"http:\/\/kob-rol.pl\/wp-content\/uploads\/2020\/04\/2-blevigreli-6.jpg\"><\/div> <div  class=\"overlay bg-color1\"><\/div> <div  class=\"swap-inner col-xs-12\"> <div  class=\"row full-height-row middle-xs middle-sm\"> <div  class=\"col-xs-12 text-center content-holder\"> <a href=\"#\" target=\"_blank\" rel=\"noopener noreferrer\"><i  class=\"fa icon portfolio-icon fa-search big\" aria-hidden=\"true\"><\/i><\/a><\/div> <\/div><\/div> <\/div><\/div><div  class=\"col-xs-12 col-sm-3 no-gutter-col col-md-2\"> <div  class=\"contentswap-effect\" data-hover-fx=\"portfolio-4\"> <div  class=\"initial-image\"> <img  data-size=\"542x360\" src=\"http:\/\/kob-rol.pl\/wp-content\/uploads\/2020\/03\/86733210_206422507146478_6042697575889371136_n-3-scaled.jpg\"><\/div> <div  class=\"overlay bg-color1\"><\/div> <div  class=\"swap-inner col-xs-12\"> <div  class=\"row full-height-row middle-xs middle-sm\"> <div  class=\"col-xs-12 text-center content-holder\"> <a href=\"#\" target=\"_self\" rel=\"noopener noreferrer\"><i  class=\"fa icon portfolio-icon fa-search big\" aria-hidden=\"true\"><\/i><\/a><\/div> <\/div><\/div> <\/div><\/div><div  class=\"col-xs-12 col-sm-3 no-gutter-col col-md-2\"> <div  class=\"contentswap-effect\" data-hover-fx=\"portfolio-4\"> <div  class=\"initial-image\"> <img  data-size=\"542x360\" src=\"http:\/\/kob-rol.pl\/wp-content\/uploads\/2020\/04\/received_678438776238770.jpg\"><\/div> <div  class=\"overlay bg-color1\"><\/div> <div  class=\"swap-inner col-xs-12\"> <div  class=\"row full-height-row middle-xs middle-sm\"> <div  class=\"col-xs-12 text-center content-holder\"> <a href=\"#\" target=\"_self\" rel=\"noopener noreferrer\"><i  class=\"fa icon portfolio-icon fa-search big\" aria-hidden=\"true\"><\/i><\/a><\/div> <\/div><\/div> <\/div><\/div><div  class=\"col-xs-12 col-sm-3 no-gutter-col col-md-2\"> <div  class=\"contentswap-effect\" data-hover-fx=\"portfolio-4\"> <div  class=\"initial-image\"> <img  data-size=\"542x360\" src=\"http:\/\/kob-rol.pl\/wp-content\/uploads\/2020\/04\/2-cobi-z-dozownikiem-1.jpg\"><\/div> <div  class=\"overlay bg-color1\"><\/div> <div  class=\"swap-inner col-xs-12\"> <div  class=\"row full-height-row middle-xs middle-sm\"> <div  class=\"col-xs-12 text-center content-holder\"> <a href=\"#\" target=\"_self\" rel=\"noopener noreferrer\"><i  class=\"fa icon portfolio-icon fa-search big\" aria-hidden=\"true\"><\/i><\/a><\/div> <\/div><\/div> <\/div><\/div><div  class=\"col-xs-12 col-sm-3 no-gutter-col col-md-2\"> <div  class=\"contentswap-effect\" data-hover-fx=\"portfolio-4\"> <div  class=\"initial-image\"> <img  data-size=\"542x360\" src=\"http:\/\/kob-rol.pl\/wp-content\/uploads\/2020\/04\/2-cobi-z-dozownikiem-2.jpg\"><\/div> <div  class=\"overlay bg-color1\"><\/div> <div  class=\"swap-inner col-xs-12\"> <div  class=\"row full-height-row middle-xs middle-sm\"> <div  class=\"col-xs-12 text-center content-holder\"> <a href=\"#\" target=\"_self\" rel=\"noopener noreferrer\"><i  class=\"fa icon portfolio-icon fa-search big\" aria-hidden=\"true\"><\/i><\/a><\/div> <\/div><\/div> <\/div><\/div><div  class=\"col-xs-12 col-sm-3 no-gutter-col col-md-2\"> <div  class=\"contentswap-effect\" data-hover-fx=\"portfolio-4\"> <div  class=\"initial-image\"> <img  data-size=\"542x360\" src=\"http:\/\/kob-rol.pl\/wp-content\/uploads\/2020\/04\/3-z-dozownikiem-cobi-2.jpg\"><\/div> <div  class=\"overlay bg-color1\"><\/div> <div  class=\"swap-inner col-xs-12\"> <div  class=\"row full-height-row middle-xs middle-sm\"> <div  class=\"col-xs-12 text-center content-holder\"> <a href=\"#\" target=\"_self\" rel=\"noopener noreferrer\"><i  class=\"fa icon portfolio-icon fa-search big\" aria-hidden=\"true\"><\/i><\/a><\/div> <\/div><\/div> <\/div><\/div><div  class=\"col-xs-12 col-sm-3 no-gutter-col col-md-2\"> <div  class=\"contentswap-effect\" data-hover-fx=\"portfolio-4\"> <div  class=\"initial-image\"> <img  data-size=\"542x360\" src=\"http:\/\/kob-rol.pl\/wp-content\/uploads\/2020\/04\/3-z-dozownikiem-cobi-3.jpg\"><\/div> <div  class=\"overlay bg-color1\"><\/div> <div  class=\"swap-inner col-xs-12\"> <div  class=\"row full-height-row middle-xs middle-sm\"> <div  class=\"col-xs-12 text-center content-holder\"> <a href=\"#\" target=\"_self\" rel=\"noopener noreferrer\"><i  class=\"fa icon portfolio-icon fa-search big\" aria-hidden=\"true\"><\/i><\/a><\/div> <\/div><\/div> <\/div><\/div><div  class=\"col-xs-12 col-sm-3 no-gutter-col col-md-2\"> <div  class=\"contentswap-effect\" data-hover-fx=\"portfolio-4\"> <div  class=\"initial-image\"> <img  data-size=\"542x360\" src=\"http:\/\/kob-rol.pl\/wp-content\/uploads\/2020\/04\/3-z-dozownikiem-cobi-1.jpg\"><\/div> <div  class=\"overlay bg-color1\"><\/div> <div  class=\"swap-inner col-xs-12\"> <div  class=\"row full-height-row middle-xs middle-sm\"> <div  class=\"col-xs-12 text-center content-holder\"> <a href=\"#\" target=\"_self\" rel=\"noopener noreferrer\"><i  class=\"fa icon portfolio-icon fa-search big\" aria-hidden=\"true\"><\/i><\/a><\/div> <\/div><\/div> <\/div><\/div><\/div><\/div> <\/div>","protected":false},"excerpt":{"rendered":"<p>Witam. Mam Pa\u0144stwu do zaoferowania szerok\u0105 gam\u0119 glebogryzarek do upraw mi\u0119dzyrz\u0119dowych. Maszyny te \u015bwietnie nadaj\u0105 sie do upraw takich jak : truskawki, b\u00f3b, og\u00f3rki, rabarbar, bor\u00f3wka czy inne uprawy sadzone pasowo-rz\u0119dowo. Dzi\u0119ki p\u0142ynnemu przesuwowi ka\u017cdej sekcji oraz mo\u017cliwo\u015bci\u0105 poszerzenia oraz zw\u0119\u017cenia elementu roboczego ka\u017cda z przedstawionych maszyn dopasuje sie do danej uprawy. Maszyny sprowadzamy z&hellip; <br \/> <a class=\"read-more\" href=\"http:\/\/kob-rol.pl\/\">Przeczytaj wi\u0119cej<\/a><\/p>\n","protected":false},"author":1,"featured_media":0,"parent":0,"menu_order":0,"comment_status":"closed","ping_status":"closed","template":"page-templates\/homepage.php","meta":[],"_links":{"self":[{"href":"http:\/\/kob-rol.pl\/index.php\/wp-json\/wp\/v2\/pages\/13"}],"collection":[{"href":"http:\/\/kob-rol.pl\/index.php\/wp-json\/wp\/v2\/pages"}],"about":[{"href":"http:\/\/kob-rol.pl\/index.php\/wp-json\/wp\/v2\/types\/page"}],"author":[{"embeddable":true,"href":"http:\/\/kob-rol.pl\/index.php\/wp-json\/wp\/v2\/users\/1"}],"replies":[{"embeddable":true,"href":"http:\/\/kob-rol.pl\/index.php\/wp-json\/wp\/v2\/comments?post=13"}],"version-history":[{"count":72,"href":"http:\/\/kob-rol.pl\/index.php\/wp-json\/wp\/v2\/pages\/13\/revisions"}],"predecessor-version":[{"id":372,"href":"http:\/\/kob-rol.pl\/index.php\/wp-json\/wp\/v2\/pages\/13\/revisions\/372"}],"wp:attachment":[{"href":"http:\/\/kob-rol.pl\/index.php\/wp-json\/wp\/v2\/media?parent=13"}],"curies":[{"name":"wp","href":"https:\/\/api.w.org\/{rel}","templated":true}]}}